{"id":2093,"date":"2025-01-02T19:33:10","date_gmt":"2025-01-03T01:33:10","guid":{"rendered":"https:\/\/prewodplus.com\/?page_id=2093"},"modified":"2025-02-09T22:52:46","modified_gmt":"2025-02-10T04:52:46","slug":"gymnastics-body-control","status":"publish","type":"page","link":"https:\/\/prewodplus.com\/ro\/gymnastics-body-control\/","title":{"rendered":"Gymnastics"},"content":{"rendered":"<p>En <strong>PreWODPlus<\/strong>, nuestro programa de <strong>Gymnastics<\/strong> est\u00e1 dise\u00f1ado para ayudarte a desarrollar fuerza, control corporal y dominar movimientos gimn\u00e1sticos clave, como pull-ups, handstand push-ups y muscle-ups. Con progresiones claras y adaptaciones para todos los niveles, este programa te llevar\u00e1 paso a paso hacia tus objetivos, optimizando tu t\u00e9cnica y confianza en cada movimiento.<\/p>\n\n\n\n<figure class=\"wp-block-gallery has-nested-images columns-default is-cropped wp-block-gallery-1 is-layout-flex wp-block-gallery-is-layout-flex\">\n<figure class=\"wp-block-image size-large\"><img fetchpriority=\"high\" decoding=\"async\" width=\"1024\" height=\"683\" data-id=\"1498\" src=\"https:\/\/prewodplus.com\/wp-content\/uploads\/2023\/11\/full-shot-fit-woman-training-with-machine-1024x683.jpg\" alt=\"\" class=\"wp-image-1498\" srcset=\"https:\/\/prewodplus.com\/wp-content\/uploads\/2023\/11\/full-shot-fit-woman-training-with-machine-1024x683.jpg 1024w, https:\/\/prewodplus.com\/wp-content\/uploads\/2023\/11\/full-shot-fit-woman-training-with-machine-300x200.jpg 300w, https:\/\/prewodplus.com\/wp-content\/uploads\/2023\/11\/full-shot-fit-woman-training-with-machine-768x512.jpg 768w, https:\/\/prewodplus.com\/wp-content\/uploads\/2023\/11\/full-shot-fit-woman-training-with-machine-1536x1024.jpg 1536w, https:\/\/prewodplus.com\/wp-content\/uploads\/2023\/11\/full-shot-fit-woman-training-with-machine-2048x1365.jpg 2048w, https:\/\/prewodplus.com\/wp-content\/uploads\/2023\/11\/full-shot-fit-woman-training-with-machine-18x12.jpg 18w, https:\/\/prewodplus.com\/wp-content\/uploads\/2023\/11\/full-shot-fit-woman-training-with-machine-1200x800.jpg 1200w\" sizes=\"(max-width: 1024px) 100vw, 1024px\" \/><figcaption class=\"wp-element-caption\"><strong><a href=\"https:\/\/prewodplus.com\/ro\/primera-pullup-principiante-gimnasia\/\" data-type=\"post\" data-id=\"42\">PRIMERA PULL UP<\/a><\/strong><\/figcaption><\/figure>\n\n\n\n<figure class=\"wp-block-image size-large\"><a href=\"https:\/\/prewodplus.com\/ro\/pull-up-power\/\"><img decoding=\"async\" width=\"1024\" height=\"1024\" data-id=\"2099\" src=\"https:\/\/prewodplus.com\/wp-content\/uploads\/2025\/01\/Crea-Una-Imagen-Fotorrealista-De-Un-Atleta-Realiza.png\" alt=\"\" class=\"wp-image-2099\" srcset=\"https:\/\/prewodplus.com\/wp-content\/uploads\/2025\/01\/Crea-Una-Imagen-Fotorrealista-De-Un-Atleta-Realiza.png 1024w, https:\/\/prewodplus.com\/wp-content\/uploads\/2025\/01\/Crea-Una-Imagen-Fotorrealista-De-Un-Atleta-Realiza-300x300.png 300w, https:\/\/prewodplus.com\/wp-content\/uploads\/2025\/01\/Crea-Una-Imagen-Fotorrealista-De-Un-Atleta-Realiza-150x150.png 150w, https:\/\/prewodplus.com\/wp-content\/uploads\/2025\/01\/Crea-Una-Imagen-Fotorrealista-De-Un-Atleta-Realiza-768x768.png 768w, https:\/\/prewodplus.com\/wp-content\/uploads\/2025\/01\/Crea-Una-Imagen-Fotorrealista-De-Un-Atleta-Realiza-12x12.png 12w, https:\/\/prewodplus.com\/wp-content\/uploads\/2025\/01\/Crea-Una-Imagen-Fotorrealista-De-Un-Atleta-Realiza-100x100.png 100w\" sizes=\"(max-width: 1024px) 100vw, 1024px\" \/><\/a><figcaption class=\"wp-element-caption\"><strong><a href=\"https:\/\/prewodplus.com\/ro\/pull-up-power\/\" data-type=\"post\" data-id=\"2050\">PULL UP ACONDICIONAMIENTO<\/a><\/strong><\/figcaption><\/figure>\n\n\n\n<figure class=\"wp-block-image size-large\"><a href=\"https:\/\/prewodplus.com\/ro\/pull-up-power\/\"><img decoding=\"async\" width=\"1024\" height=\"585\" data-id=\"2098\" src=\"https:\/\/prewodplus.com\/wp-content\/uploads\/2025\/01\/A-Crossfit-Athlete-Performing-Intense-Pull-up-Exer-1024x585.png\" alt=\"\" class=\"wp-image-2098\" srcset=\"https:\/\/prewodplus.com\/wp-content\/uploads\/2025\/01\/A-Crossfit-Athlete-Performing-Intense-Pull-up-Exer-1024x585.png 1024w, https:\/\/prewodplus.com\/wp-content\/uploads\/2025\/01\/A-Crossfit-Athlete-Performing-Intense-Pull-up-Exer-300x171.png 300w, https:\/\/prewodplus.com\/wp-content\/uploads\/2025\/01\/A-Crossfit-Athlete-Performing-Intense-Pull-up-Exer-768x439.png 768w, https:\/\/prewodplus.com\/wp-content\/uploads\/2025\/01\/A-Crossfit-Athlete-Performing-Intense-Pull-up-Exer-18x10.png 18w, https:\/\/prewodplus.com\/wp-content\/uploads\/2025\/01\/A-Crossfit-Athlete-Performing-Intense-Pull-up-Exer-1200x686.png 1200w, https:\/\/prewodplus.com\/wp-content\/uploads\/2025\/01\/A-Crossfit-Athlete-Performing-Intense-Pull-up-Exer.png 1344w\" sizes=\"(max-width: 1024px) 100vw, 1024px\" \/><\/a><figcaption class=\"wp-element-caption\"><a href=\"https:\/\/prewodplus.com\/ro\/pull-up-endurance\/\" data-type=\"post\" data-id=\"1383\"><strong>PULL UP ENDURANCE<\/strong><\/a><\/figcaption><\/figure>\n\n\n\n<figure class=\"wp-block-image size-large\"><img loading=\"lazy\" decoding=\"async\" width=\"800\" height=\"467\" data-id=\"2095\" src=\"https:\/\/prewodplus.com\/wp-content\/uploads\/2025\/01\/article-kippng-pull-up-estricto-estudio-musculatura-58da454be99cb.jpeg\" alt=\"\" class=\"wp-image-2095\" srcset=\"https:\/\/prewodplus.com\/wp-content\/uploads\/2025\/01\/article-kippng-pull-up-estricto-estudio-musculatura-58da454be99cb.jpeg 800w, https:\/\/prewodplus.com\/wp-content\/uploads\/2025\/01\/article-kippng-pull-up-estricto-estudio-musculatura-58da454be99cb-300x175.jpeg 300w, https:\/\/prewodplus.com\/wp-content\/uploads\/2025\/01\/article-kippng-pull-up-estricto-estudio-musculatura-58da454be99cb-768x448.jpeg 768w, https:\/\/prewodplus.com\/wp-content\/uploads\/2025\/01\/article-kippng-pull-up-estricto-estudio-musculatura-58da454be99cb-18x12.jpeg 18w\" sizes=\"(max-width: 800px) 100vw, 800px\" \/><figcaption class=\"wp-element-caption\"><a href=\"https:\/\/prewodplus.com\/ro\/tecnica-kipping-pull-up\/\" data-type=\"post\" data-id=\"211\"><strong>KIPPING PULL UPS<\/strong><\/a><\/figcaption><\/figure>\n\n\n\n<figure class=\"wp-block-image size-large\"><img loading=\"lazy\" decoding=\"async\" width=\"1000\" height=\"409\" data-id=\"2096\" src=\"https:\/\/prewodplus.com\/wp-content\/uploads\/2025\/01\/butterfly-pull-up.jpeg\" alt=\"\" class=\"wp-image-2096\" srcset=\"https:\/\/prewodplus.com\/wp-content\/uploads\/2025\/01\/butterfly-pull-up.jpeg 1000w, https:\/\/prewodplus.com\/wp-content\/uploads\/2025\/01\/butterfly-pull-up-300x123.jpeg 300w, https:\/\/prewodplus.com\/wp-content\/uploads\/2025\/01\/butterfly-pull-up-768x314.jpeg 768w, https:\/\/prewodplus.com\/wp-content\/uploads\/2025\/01\/butterfly-pull-up-18x7.jpeg 18w\" sizes=\"(max-width: 1000px) 100vw, 1000px\" \/><figcaption class=\"wp-element-caption\"><strong><a href=\"https:\/\/prewodplus.com\/ro\/butterfly-pull-ups\/\" data-type=\"post\" data-id=\"45\">BUTTERFLY PULL UPS<\/a><\/strong><\/figcaption><\/figure>\n\n\n\n<figure class=\"wp-block-image size-large\"><a href=\"https:\/\/prewodplus.com\/ro\/bar-muscle-up\/\"><img loading=\"lazy\" decoding=\"async\" width=\"1000\" height=\"592\" data-id=\"1806\" src=\"https:\/\/prewodplus.com\/wp-content\/uploads\/2024\/12\/Zanna-Bar-Muscle-up-1.jpg\" alt=\"\" class=\"wp-image-1806\" srcset=\"https:\/\/prewodplus.com\/wp-content\/uploads\/2024\/12\/Zanna-Bar-Muscle-up-1.jpg 1000w, https:\/\/prewodplus.com\/wp-content\/uploads\/2024\/12\/Zanna-Bar-Muscle-up-1-300x178.jpg 300w, https:\/\/prewodplus.com\/wp-content\/uploads\/2024\/12\/Zanna-Bar-Muscle-up-1-768x455.jpg 768w, https:\/\/prewodplus.com\/wp-content\/uploads\/2024\/12\/Zanna-Bar-Muscle-up-1-18x12.jpg 18w\" sizes=\"(max-width: 1000px) 100vw, 1000px\" \/><\/a><figcaption class=\"wp-element-caption\"><strong><a href=\"https:\/\/prewodplus.com\/ro\/bar-muscle-up\/\" data-type=\"post\" data-id=\"493\">BAR MUSCLE UP<\/a><\/strong><\/figcaption><\/figure>\n\n\n\n<figure class=\"wp-block-image size-large\"><a href=\"https:\/\/prewodplus.com\/ro\/bar-muscle-up-endurance\/\"><img loading=\"lazy\" decoding=\"async\" width=\"1024\" height=\"683\" data-id=\"2097\" src=\"https:\/\/prewodplus.com\/wp-content\/uploads\/2025\/01\/2022-10-11_018-1024x683.jpg\" alt=\"\" class=\"wp-image-2097\" srcset=\"https:\/\/prewodplus.com\/wp-content\/uploads\/2025\/01\/2022-10-11_018-1024x683.jpg 1024w, https:\/\/prewodplus.com\/wp-content\/uploads\/2025\/01\/2022-10-11_018-300x200.jpg 300w, https:\/\/prewodplus.com\/wp-content\/uploads\/2025\/01\/2022-10-11_018-768x512.jpg 768w, https:\/\/prewodplus.com\/wp-content\/uploads\/2025\/01\/2022-10-11_018-1536x1024.jpg 1536w, https:\/\/prewodplus.com\/wp-content\/uploads\/2025\/01\/2022-10-11_018-2048x1366.jpg 2048w, https:\/\/prewodplus.com\/wp-content\/uploads\/2025\/01\/2022-10-11_018-18x12.jpg 18w, https:\/\/prewodplus.com\/wp-content\/uploads\/2025\/01\/2022-10-11_018-1200x800.jpg 1200w\" sizes=\"(max-width: 1024px) 100vw, 1024px\" \/><\/a><figcaption class=\"wp-element-caption\"><a href=\"https:\/\/prewodplus.com\/ro\/bar-muscle-up-endurance\/\" data-type=\"post\" data-id=\"1802\"><strong>BAR MUSCLE UP ENDURANCE<\/strong><\/a><\/figcaption><\/figure>\n\n\n\n<figure class=\"wp-block-image size-large\"><img loading=\"lazy\" decoding=\"async\" width=\"1024\" height=\"576\" data-id=\"1662\" src=\"https:\/\/prewodplus.com\/wp-content\/uploads\/2023\/11\/man-walking-on-hands-in-gym-2022-03-04-06-05-02-utc-1-scaled-e1679328025208-1024x576.jpg\" alt=\"\" class=\"wp-image-1662\" srcset=\"https:\/\/prewodplus.com\/wp-content\/uploads\/2023\/11\/man-walking-on-hands-in-gym-2022-03-04-06-05-02-utc-1-scaled-e1679328025208-1024x576.jpg 1024w, https:\/\/prewodplus.com\/wp-content\/uploads\/2023\/11\/man-walking-on-hands-in-gym-2022-03-04-06-05-02-utc-1-scaled-e1679328025208-300x169.jpg 300w, https:\/\/prewodplus.com\/wp-content\/uploads\/2023\/11\/man-walking-on-hands-in-gym-2022-03-04-06-05-02-utc-1-scaled-e1679328025208-768x432.jpg 768w, https:\/\/prewodplus.com\/wp-content\/uploads\/2023\/11\/man-walking-on-hands-in-gym-2022-03-04-06-05-02-utc-1-scaled-e1679328025208-1536x864.jpg 1536w, https:\/\/prewodplus.com\/wp-content\/uploads\/2023\/11\/man-walking-on-hands-in-gym-2022-03-04-06-05-02-utc-1-scaled-e1679328025208-2048x1152.jpg 2048w, https:\/\/prewodplus.com\/wp-content\/uploads\/2023\/11\/man-walking-on-hands-in-gym-2022-03-04-06-05-02-utc-1-scaled-e1679328025208-18x10.jpg 18w, https:\/\/prewodplus.com\/wp-content\/uploads\/2023\/11\/man-walking-on-hands-in-gym-2022-03-04-06-05-02-utc-1-scaled-e1679328025208-1200x675.jpg 1200w\" sizes=\"(max-width: 1024px) 100vw, 1024px\" \/><figcaption class=\"wp-element-caption\"><a href=\"https:\/\/prewodplus.com\/ro\/handstand-walking-step\/\" data-type=\"post\" data-id=\"117\">HSWS PRINCIPIANTE<\/a><\/figcaption><\/figure>\n\n\n\n<figure class=\"wp-block-image size-full\"><a href=\"https:\/\/prewodplus.com\/ro\/handstand-walking-step-balance\/\"><img loading=\"lazy\" decoding=\"async\" width=\"900\" height=\"592\" data-id=\"1670\" src=\"https:\/\/prewodplus.com\/wp-content\/uploads\/0202\/06\/handstand-walk-crossfit.jpg\" alt=\"\" class=\"wp-image-1670\" srcset=\"https:\/\/prewodplus.com\/wp-content\/uploads\/0202\/06\/handstand-walk-crossfit.jpg 900w, https:\/\/prewodplus.com\/wp-content\/uploads\/0202\/06\/handstand-walk-crossfit-300x197.jpg 300w, https:\/\/prewodplus.com\/wp-content\/uploads\/0202\/06\/handstand-walk-crossfit-768x505.jpg 768w, https:\/\/prewodplus.com\/wp-content\/uploads\/0202\/06\/handstand-walk-crossfit-18x12.jpg 18w\" sizes=\"(max-width: 900px) 100vw, 900px\" \/><\/a><figcaption class=\"wp-element-caption\"><a href=\"https:\/\/prewodplus.com\/ro\/handstand-walking-step-balance\/\" data-type=\"post\" data-id=\"1940\">HSWS BALANCE<\/a><\/figcaption><\/figure>\n\n\n\n<figure class=\"wp-block-image size-full\"><img loading=\"lazy\" decoding=\"async\" width=\"1200\" height=\"628\" data-id=\"2192\" src=\"https:\/\/prewodplus.com\/wp-content\/uploads\/2025\/02\/handstand-walks.jpg\" alt=\"\" class=\"wp-image-2192\" srcset=\"https:\/\/prewodplus.com\/wp-content\/uploads\/2025\/02\/handstand-walks.jpg 1200w, https:\/\/prewodplus.com\/wp-content\/uploads\/2025\/02\/handstand-walks-300x157.jpg 300w, https:\/\/prewodplus.com\/wp-content\/uploads\/2025\/02\/handstand-walks-1024x536.jpg 1024w, https:\/\/prewodplus.com\/wp-content\/uploads\/2025\/02\/handstand-walks-768x402.jpg 768w, https:\/\/prewodplus.com\/wp-content\/uploads\/2025\/02\/handstand-walks-18x9.jpg 18w\" sizes=\"(max-width: 1200px) 100vw, 1200px\" \/><figcaption class=\"wp-element-caption\"><strong><a href=\"https:\/\/prewodplus.com\/ro\/handstand-strength\/\">HSPU STRENGTH<\/a><\/strong><\/figcaption><\/figure>\n\n\n\n<figure class=\"wp-block-image size-large\"><a href=\"https:\/\/prewodplus.com\/ro\/domina-el-ring-muscle-up-estricto\/\"><img loading=\"lazy\" decoding=\"async\" width=\"900\" height=\"487\" data-id=\"2117\" src=\"https:\/\/prewodplus.com\/wp-content\/uploads\/2025\/01\/ring-muscle-up-tutorial-crossfit.jpg\" alt=\"\" class=\"wp-image-2117\" srcset=\"https:\/\/prewodplus.com\/wp-content\/uploads\/2025\/01\/ring-muscle-up-tutorial-crossfit.jpg 900w, https:\/\/prewodplus.com\/wp-content\/uploads\/2025\/01\/ring-muscle-up-tutorial-crossfit-300x162.jpg 300w, https:\/\/prewodplus.com\/wp-content\/uploads\/2025\/01\/ring-muscle-up-tutorial-crossfit-768x416.jpg 768w, https:\/\/prewodplus.com\/wp-content\/uploads\/2025\/01\/ring-muscle-up-tutorial-crossfit-18x10.jpg 18w\" sizes=\"(max-width: 900px) 100vw, 900px\" \/><\/a><figcaption class=\"wp-element-caption\"><strong><a href=\"https:\/\/prewodplus.com\/ro\/domina-el-ring-muscle-up-estricto\/\" data-type=\"post\" data-id=\"1930\">RING MUSCLE UP<\/a><\/strong><\/figcaption><\/figure>\n\n\n\n<figure class=\"wp-block-image size-large\"><a href=\"https:\/\/prewodplus.com\/ro\/mastering-ring-control-strength-stability-program\/\"><img loading=\"lazy\" decoding=\"async\" width=\"1024\" height=\"576\" data-id=\"2118\" src=\"https:\/\/prewodplus.com\/wp-content\/uploads\/2025\/01\/ring-muscle-up-1024x576.jpg\" alt=\"\" class=\"wp-image-2118\" srcset=\"https:\/\/prewodplus.com\/wp-content\/uploads\/2025\/01\/ring-muscle-up-1024x576.jpg 1024w, https:\/\/prewodplus.com\/wp-content\/uploads\/2025\/01\/ring-muscle-up-300x169.jpg 300w, https:\/\/prewodplus.com\/wp-content\/uploads\/2025\/01\/ring-muscle-up-768x432.jpg 768w, https:\/\/prewodplus.com\/wp-content\/uploads\/2025\/01\/ring-muscle-up-18x10.jpg 18w, https:\/\/prewodplus.com\/wp-content\/uploads\/2025\/01\/ring-muscle-up.jpg 1200w\" sizes=\"(max-width: 1024px) 100vw, 1024px\" \/><\/a><figcaption class=\"wp-element-caption\"><strong>RING MUSCLE UP FUERZA Y ESTABILIDAD<\/strong><\/figcaption><\/figure>\n\n\n\n<figure class=\"wp-block-image size-large\"><a href=\"https:\/\/prewodplus.com\/ro\/toes-to-bar\/\"><img loading=\"lazy\" decoding=\"async\" width=\"959\" height=\"667\" data-id=\"2094\" src=\"https:\/\/prewodplus.com\/wp-content\/uploads\/2025\/01\/1000_F_497666358_pKtJlo4rSTHyDbwQ0tRn8JAU8gnd4iEc.jpg\" alt=\"\" class=\"wp-image-2094\" srcset=\"https:\/\/prewodplus.com\/wp-content\/uploads\/2025\/01\/1000_F_497666358_pKtJlo4rSTHyDbwQ0tRn8JAU8gnd4iEc.jpg 959w, https:\/\/prewodplus.com\/wp-content\/uploads\/2025\/01\/1000_F_497666358_pKtJlo4rSTHyDbwQ0tRn8JAU8gnd4iEc-300x209.jpg 300w, https:\/\/prewodplus.com\/wp-content\/uploads\/2025\/01\/1000_F_497666358_pKtJlo4rSTHyDbwQ0tRn8JAU8gnd4iEc-768x534.jpg 768w, https:\/\/prewodplus.com\/wp-content\/uploads\/2025\/01\/1000_F_497666358_pKtJlo4rSTHyDbwQ0tRn8JAU8gnd4iEc-18x12.jpg 18w\" sizes=\"(max-width: 959px) 100vw, 959px\" \/><\/a><figcaption class=\"wp-element-caption\"><a href=\"https:\/\/prewodplus.com\/ro\/toes-to-bar\/\" data-type=\"post\" data-id=\"220\"><strong>TOES TO BAR<\/strong><\/a><\/figcaption><\/figure>\n\n\n\n<figure class=\"wp-block-image size-large\"><img loading=\"lazy\" decoding=\"async\" width=\"1024\" height=\"683\" data-id=\"1658\" src=\"https:\/\/prewodplus.com\/wp-content\/uploads\/2023\/11\/woman-doing-handstand-push-up-progressions-e087e58284434a308534a16f7b3ed2a7-1024x683.jpg\" alt=\"\" class=\"wp-image-1658\" srcset=\"https:\/\/prewodplus.com\/wp-content\/uploads\/2023\/11\/woman-doing-handstand-push-up-progressions-e087e58284434a308534a16f7b3ed2a7-1024x683.jpg 1024w, https:\/\/prewodplus.com\/wp-content\/uploads\/2023\/11\/woman-doing-handstand-push-up-progressions-e087e58284434a308534a16f7b3ed2a7-300x200.jpg 300w, https:\/\/prewodplus.com\/wp-content\/uploads\/2023\/11\/woman-doing-handstand-push-up-progressions-e087e58284434a308534a16f7b3ed2a7-768x513.jpg 768w, https:\/\/prewodplus.com\/wp-content\/uploads\/2023\/11\/woman-doing-handstand-push-up-progressions-e087e58284434a308534a16f7b3ed2a7-18x12.jpg 18w, https:\/\/prewodplus.com\/wp-content\/uploads\/2023\/11\/woman-doing-handstand-push-up-progressions-e087e58284434a308534a16f7b3ed2a7-1200x801.jpg 1200w, https:\/\/prewodplus.com\/wp-content\/uploads\/2023\/11\/woman-doing-handstand-push-up-progressions-e087e58284434a308534a16f7b3ed2a7.jpg 1500w\" sizes=\"(max-width: 1024px) 100vw, 1024px\" \/><figcaption class=\"wp-element-caption\"><strong><a href=\"https:\/\/prewodplus.com\/ro\/handstand-push-up\/\" data-type=\"post\" data-id=\"132\">STRICT HANDSTAND PUSH UPS<\/a><\/strong><\/figcaption><\/figure>\n\n\n\n<figure class=\"wp-block-image size-large\"><a href=\"https:\/\/prewodplus.com\/ro\/handstand-push-up-capacity-builder\/\"><img loading=\"lazy\" decoding=\"async\" width=\"654\" height=\"368\" data-id=\"2124\" src=\"https:\/\/prewodplus.com\/wp-content\/uploads\/2025\/01\/Aprende_A_Dominar_Los_Handstand_Push_Up_654x.jpg\" alt=\"\" class=\"wp-image-2124\" srcset=\"https:\/\/prewodplus.com\/wp-content\/uploads\/2025\/01\/Aprende_A_Dominar_Los_Handstand_Push_Up_654x.jpg 654w, https:\/\/prewodplus.com\/wp-content\/uploads\/2025\/01\/Aprende_A_Dominar_Los_Handstand_Push_Up_654x-300x169.jpg 300w, https:\/\/prewodplus.com\/wp-content\/uploads\/2025\/01\/Aprende_A_Dominar_Los_Handstand_Push_Up_654x-18x10.jpg 18w\" sizes=\"(max-width: 654px) 100vw, 654px\" \/><\/a><figcaption class=\"wp-element-caption\"><strong><a href=\"https:\/\/prewodplus.com\/ro\/handstand-push-up-capacity-builder\/\" data-type=\"post\" data-id=\"2031\">HSPU ENDURANCE<\/a><\/strong><\/figcaption><\/figure>\n<\/figure>\n\n\n\n<p><\/p>","protected":false},"excerpt":{"rendered":"<p>En PreWODPlus, nuestro programa de Gymnastics est\u00e1 dise\u00f1ado para ayudarte a desarrollar fuerza, control corporal y dominar movimientos gimn\u00e1sticos clave, como pull-ups, handstand push-ups y muscle-ups. Con progresiones claras y adaptaciones para todos los niveles, este programa te llevar\u00e1 paso a paso hacia tus objetivos, optimizando tu t\u00e9cnica y confianza en cada movimiento.<\/p>","protected":false},"author":1,"featured_media":0,"parent":0,"menu_order":0,"comment_status":"closed","ping_status":"closed","template":"","meta":{"_gspb_post_css":"","footnotes":""},"class_list":["post-2093","page","type-page","status-publish","hentry"],"blocksy_meta":[],"_links":{"self":[{"href":"https:\/\/prewodplus.com\/ro\/wp-json\/wp\/v2\/pages\/2093","targetHints":{"allow":["GET"]}}],"collection":[{"href":"https:\/\/prewodplus.com\/ro\/wp-json\/wp\/v2\/pages"}],"about":[{"href":"https:\/\/prewodplus.com\/ro\/wp-json\/wp\/v2\/types\/page"}],"author":[{"embeddable":true,"href":"https:\/\/prewodplus.com\/ro\/wp-json\/wp\/v2\/users\/1"}],"replies":[{"embeddable":true,"href":"https:\/\/prewodplus.com\/ro\/wp-json\/wp\/v2\/comments?post=2093"}],"version-history":[{"count":16,"href":"https:\/\/prewodplus.com\/ro\/wp-json\/wp\/v2\/pages\/2093\/revisions"}],"predecessor-version":[{"id":2195,"href":"https:\/\/prewodplus.com\/ro\/wp-json\/wp\/v2\/pages\/2093\/revisions\/2195"}],"wp:attachment":[{"href":"https:\/\/prewodplus.com\/ro\/wp-json\/wp\/v2\/media?parent=2093"}],"curies":[{"name":"wp","href":"https:\/\/api.w.org\/{rel}","templated":true}]}}