{"id":2107,"date":"2025-01-02T19:55:07","date_gmt":"2025-01-03T01:55:07","guid":{"rendered":"https:\/\/prewodplus.com\/?page_id=2107"},"modified":"2025-01-09T09:25:58","modified_gmt":"2025-01-09T15:25:58","slug":"programas-de-entrenamiento","status":"publish","type":"page","link":"https:\/\/prewodplus.com\/ro\/programas-de-entrenamiento\/","title":{"rendered":"Programas"},"content":{"rendered":"<p>En <strong>PreWODPlus<\/strong>, ofrecemos una variedad de programas de entrenamiento dise\u00f1ados para todos los niveles y objetivos, desde fuerza y resistencia hasta habilidades espec\u00edficas y acondicionamiento general. Cada programa est\u00e1 estructurado por expertos, incluye instrucciones claras y puede realizarse en el box, en casa o al aire libre. Encuentra el plan perfecto para ti y lleva tu rendimiento al siguiente nivel.<\/p>\n\n\n\n<figure class=\"wp-block-gallery has-nested-images columns-default is-cropped wp-block-gallery-1 is-layout-flex wp-block-gallery-is-layout-flex\">\n<figure class=\"wp-block-image size-large\"><a href=\"https:\/\/prewodplus.com\/ro\/gymnastics-body-control\/\"><img fetchpriority=\"high\" decoding=\"async\" width=\"1024\" height=\"1024\" data-id=\"1593\" src=\"https:\/\/prewodplus.com\/wp-content\/uploads\/2023\/11\/Crea-Una-Imagen-Fotorrealista-De-Un-Atleta-Realiza.png\" alt=\"\" class=\"wp-image-1593\" srcset=\"https:\/\/prewodplus.com\/wp-content\/uploads\/2023\/11\/Crea-Una-Imagen-Fotorrealista-De-Un-Atleta-Realiza.png 1024w, https:\/\/prewodplus.com\/wp-content\/uploads\/2023\/11\/Crea-Una-Imagen-Fotorrealista-De-Un-Atleta-Realiza-300x300.png 300w, https:\/\/prewodplus.com\/wp-content\/uploads\/2023\/11\/Crea-Una-Imagen-Fotorrealista-De-Un-Atleta-Realiza-150x150.png 150w, https:\/\/prewodplus.com\/wp-content\/uploads\/2023\/11\/Crea-Una-Imagen-Fotorrealista-De-Un-Atleta-Realiza-768x768.png 768w, https:\/\/prewodplus.com\/wp-content\/uploads\/2023\/11\/Crea-Una-Imagen-Fotorrealista-De-Un-Atleta-Realiza-12x12.png 12w, https:\/\/prewodplus.com\/wp-content\/uploads\/2023\/11\/Crea-Una-Imagen-Fotorrealista-De-Un-Atleta-Realiza-100x100.png 100w\" sizes=\"(max-width: 1024px) 100vw, 1024px\" \/><\/a><figcaption class=\"wp-element-caption\"><strong><a href=\"https:\/\/prewodplus.com\/ro\/gymnastics-body-control\/\" data-type=\"page\" data-id=\"2093\">Gymnastics<\/a><\/strong><\/figcaption><\/figure>\n\n\n\n<figure class=\"wp-block-image size-large\"><a href=\"https:\/\/prewodplus.com\/ro\/category\/weightlifting\/\"><img decoding=\"async\" width=\"1024\" height=\"1024\" data-id=\"1447\" src=\"https:\/\/prewodplus.com\/wp-content\/uploads\/2024\/11\/How_To_Master_The_Snatch_In_CrossFit_-_Swolverine_e1bb8add-2ac8-4827-a1b1-0453e99d94b0_1024x1024.webp\" alt=\"\" class=\"wp-image-1447\" srcset=\"https:\/\/prewodplus.com\/wp-content\/uploads\/2024\/11\/How_To_Master_The_Snatch_In_CrossFit_-_Swolverine_e1bb8add-2ac8-4827-a1b1-0453e99d94b0_1024x1024.webp 1024w, https:\/\/prewodplus.com\/wp-content\/uploads\/2024\/11\/How_To_Master_The_Snatch_In_CrossFit_-_Swolverine_e1bb8add-2ac8-4827-a1b1-0453e99d94b0_1024x1024-300x300.webp 300w, https:\/\/prewodplus.com\/wp-content\/uploads\/2024\/11\/How_To_Master_The_Snatch_In_CrossFit_-_Swolverine_e1bb8add-2ac8-4827-a1b1-0453e99d94b0_1024x1024-150x150.webp 150w, https:\/\/prewodplus.com\/wp-content\/uploads\/2024\/11\/How_To_Master_The_Snatch_In_CrossFit_-_Swolverine_e1bb8add-2ac8-4827-a1b1-0453e99d94b0_1024x1024-768x768.webp 768w, https:\/\/prewodplus.com\/wp-content\/uploads\/2024\/11\/How_To_Master_The_Snatch_In_CrossFit_-_Swolverine_e1bb8add-2ac8-4827-a1b1-0453e99d94b0_1024x1024-12x12.webp 12w, https:\/\/prewodplus.com\/wp-content\/uploads\/2024\/11\/How_To_Master_The_Snatch_In_CrossFit_-_Swolverine_e1bb8add-2ac8-4827-a1b1-0453e99d94b0_1024x1024-100x100.webp 100w\" sizes=\"(max-width: 1024px) 100vw, 1024px\" \/><\/a><figcaption class=\"wp-element-caption\"><strong><a href=\"https:\/\/prewodplus.com\/ro\/category\/weightlifting\/\" data-type=\"category\" data-id=\"41\">Weightlifting<\/a><\/strong><\/figcaption><\/figure>\n\n\n\n<figure class=\"wp-block-image size-large\"><a href=\"https:\/\/prewodplus.com\/ro\/category\/movilidad\/\"><img decoding=\"async\" width=\"1024\" height=\"683\" data-id=\"2166\" src=\"https:\/\/prewodplus.com\/wp-content\/uploads\/2025\/01\/woman-squatting-in-Mirafit-gym-1024x683-1.jpg\" alt=\"\" class=\"wp-image-2166\" srcset=\"https:\/\/prewodplus.com\/wp-content\/uploads\/2025\/01\/woman-squatting-in-Mirafit-gym-1024x683-1.jpg 1024w, https:\/\/prewodplus.com\/wp-content\/uploads\/2025\/01\/woman-squatting-in-Mirafit-gym-1024x683-1-300x200.jpg 300w, https:\/\/prewodplus.com\/wp-content\/uploads\/2025\/01\/woman-squatting-in-Mirafit-gym-1024x683-1-768x512.jpg 768w, https:\/\/prewodplus.com\/wp-content\/uploads\/2025\/01\/woman-squatting-in-Mirafit-gym-1024x683-1-18x12.jpg 18w\" sizes=\"(max-width: 1024px) 100vw, 1024px\" \/><\/a><figcaption class=\"wp-element-caption\"><strong><a href=\"https:\/\/prewodplus.com\/ro\/category\/movilidad\/\">Mobility<\/a><\/strong><\/figcaption><\/figure>\n\n\n\n<figure class=\"wp-block-image size-large\"><a href=\"https:\/\/prewodplus.com\/ro\/meditaciones-guiadas-bienestar\/\"><img loading=\"lazy\" decoding=\"async\" width=\"1024\" height=\"683\" data-id=\"1677\" src=\"https:\/\/prewodplus.com\/wp-content\/uploads\/2024\/12\/woman-meditating-while-exercising-home-1024x683.jpg\" alt=\"\" class=\"wp-image-1677\" srcset=\"https:\/\/prewodplus.com\/wp-content\/uploads\/2024\/12\/woman-meditating-while-exercising-home-1024x683.jpg 1024w, https:\/\/prewodplus.com\/wp-content\/uploads\/2024\/12\/woman-meditating-while-exercising-home-300x200.jpg 300w, https:\/\/prewodplus.com\/wp-content\/uploads\/2024\/12\/woman-meditating-while-exercising-home-768x512.jpg 768w, https:\/\/prewodplus.com\/wp-content\/uploads\/2024\/12\/woman-meditating-while-exercising-home-1536x1024.jpg 1536w, https:\/\/prewodplus.com\/wp-content\/uploads\/2024\/12\/woman-meditating-while-exercising-home-2048x1365.jpg 2048w, https:\/\/prewodplus.com\/wp-content\/uploads\/2024\/12\/woman-meditating-while-exercising-home-18x12.jpg 18w, https:\/\/prewodplus.com\/wp-content\/uploads\/2024\/12\/woman-meditating-while-exercising-home-1200x800.jpg 1200w\" sizes=\"(max-width: 1024px) 100vw, 1024px\" \/><\/a><figcaption class=\"wp-element-caption\"><strong><a href=\"https:\/\/prewodplus.com\/ro\/meditaciones-guiadas-bienestar\/\" data-type=\"post\" data-id=\"138\">Mindfulness<\/a><\/strong><\/figcaption><\/figure>\n<\/figure>\n\n\n\n<p><\/p>","protected":false},"excerpt":{"rendered":"<p>En PreWODPlus, ofrecemos una variedad de programas de entrenamiento dise\u00f1ados para todos los niveles y objetivos, desde fuerza y resistencia hasta habilidades espec\u00edficas y acondicionamiento general. Cada programa est\u00e1 estructurado por expertos, incluye instrucciones claras y puede realizarse en el box, en casa o al aire libre. Encuentra el plan perfecto para ti y lleva [&hellip;]<\/p>","protected":false},"author":1,"featured_media":0,"parent":0,"menu_order":0,"comment_status":"closed","ping_status":"closed","template":"","meta":{"_gspb_post_css":"","footnotes":""},"class_list":["post-2107","page","type-page","status-publish","hentry"],"blocksy_meta":[],"_links":{"self":[{"href":"https:\/\/prewodplus.com\/ro\/wp-json\/wp\/v2\/pages\/2107","targetHints":{"allow":["GET"]}}],"collection":[{"href":"https:\/\/prewodplus.com\/ro\/wp-json\/wp\/v2\/pages"}],"about":[{"href":"https:\/\/prewodplus.com\/ro\/wp-json\/wp\/v2\/types\/page"}],"author":[{"embeddable":true,"href":"https:\/\/prewodplus.com\/ro\/wp-json\/wp\/v2\/users\/1"}],"replies":[{"embeddable":true,"href":"https:\/\/prewodplus.com\/ro\/wp-json\/wp\/v2\/comments?post=2107"}],"version-history":[{"count":4,"href":"https:\/\/prewodplus.com\/ro\/wp-json\/wp\/v2\/pages\/2107\/revisions"}],"predecessor-version":[{"id":2168,"href":"https:\/\/prewodplus.com\/ro\/wp-json\/wp\/v2\/pages\/2107\/revisions\/2168"}],"wp:attachment":[{"href":"https:\/\/prewodplus.com\/ro\/wp-json\/wp\/v2\/media?parent=2107"}],"curies":[{"name":"wp","href":"https:\/\/api.w.org\/{rel}","templated":true}]}}